{"id":17,"date":"2020-10-08T16:42:00","date_gmt":"2020-10-08T13:42:00","guid":{"rendered":"https:\/\/rudolfkaspernaruski.com\/?page_id=17"},"modified":"2025-07-02T06:59:28","modified_gmt":"2025-07-02T03:59:28","slug":"esileht","status":"publish","type":"page","link":"https:\/\/rudolfkaspernaruski.com\/en\/","title":{"rendered":"Home"},"content":{"rendered":"<p>Toyota teatas septembri teises pooles, et M\u00e4kinen lahkub t\u00e4navuse hooaja j\u00e4rel WRC-st ja meeskond l\u00e4heb \u00fcle Toyota Gazoo Razingu Euroopa osakonna alla. Soomlasest endast saab Toyota korporatsiooni n\u00f5uandja mootorispordis.<\/p>\n<p>Lorem ipsum dolor sit amet, consectetur adipiscing elit. Ut elit tellus, luctus nec ullamcorper mattis, pulvinar dapibus leo.<\/p>\n<p><iframe loading=\"lazy\" title=\"Video Placeholder\" width=\"1170\" height=\"658\" src=\"https:\/\/www.youtube.com\/embed\/XHOmBV4js_E?feature=oembed\" frameborder=\"0\" allow=\"accelerometer; autoplay; clipboard-write; encrypted-media; gyroscope; picture-in-picture; web-share\" referrerpolicy=\"strict-origin-when-cross-origin\" allowfullscreen><\/iframe><\/p>\n<p>Lorem ipsum dolor sit amet, consectetur adipiscing elit. Ut elit tellus, luctus nec ullamcorper mattis, pulvinar dapibus leo.<\/p>\n<p><a role=\"button\" href=\"#\"><br>Click here<br><\/a><\/p>\n<figure><img decoding=\"async\" title=\"\" src=\"https:\/\/rudolfkaspernaruski.com\/wp-content\/plugins\/elementor\/assets\/images\/placeholder.png\" alt=\"\"><\/figure>\n<h3>This is the heading<\/h3>\n<p>Lorem ipsum dolor sit amet, consectetur adipiscing elit. Ut elit tellus, luctus nec ullamcorper mattis, pulvinar dapibus leo.<\/p>\n<p><a target=\"_blank\" rel=\"noopener noreferrer\"><br>Facebook<br><\/a><br><a target=\"_blank\" rel=\"noopener noreferrer\"><br>Twitter<br><\/a><br><a target=\"_blank\" rel=\"noopener noreferrer\"><br>Youtube<br><\/a><br><a target=\"_blank\" rel=\"noopener noreferrer\"><br>WordPress<br><\/a><\/p>\n\n\n<div class=\"wp-block-cover alignwide is-light is-position-center-center\" style=\"min-height:375px;aspect-ratio:unset;\"><span aria-hidden=\"true\" class=\"has-background-dim-20 wp-block-cover__gradient-background has-background-dim\"><\/span><img decoding=\"async\" class=\"wp-block-cover__image-background wp-image-165\" src=\"https:\/\/s.w.org\/images\/core\/5.5\/don-quixote-06.jpg\" style=\"object-position:40% 26%\" data-object-fit=\"cover\" data-object-position=\"40% 26%\"\/><div class=\"wp-block-cover__inner-container is-layout-flow wp-block-cover-is-layout-flow\">\n<p class=\"has-text-align-center has-text-color\" style=\"color:#fffffa;font-size:74px;line-height:1.1\"><strong>don Quijote<\/strong><\/p>\n<\/div><\/div>","protected":false},"excerpt":{"rendered":"<p>Toyota teatas septembri teises pooles, et M\u00e4kinen lahkub t\u00e4navuse hooaja j\u00e4rel WRC-st ja meeskond l\u00e4heb \u00fcle Toyota Gazoo Razingu Euroopa osakonna alla. Soomlasest endast saab Toyota korporatsiooni n\u00f5uandja mootorispordis. Lorem ipsum dolor sit amet, consectetur adipiscing elit. Ut elit tellus, luctus nec ullamcorper mattis, pulvinar dapibus leo. Lorem ipsum dolor sit amet, consectetur adipiscing elit. [&hellip;]<\/p>\n","protected":false},"author":1,"featured_media":240,"parent":0,"menu_order":0,"comment_status":"closed","ping_status":"closed","template":"home-template.php","meta":{"_monsterinsights_skip_tracking":false,"_monsterinsights_sitenote_active":false,"_monsterinsights_sitenote_note":"","_monsterinsights_sitenote_category":0,"footnotes":""},"class_list":["post-17","page","type-page","status-publish","has-post-thumbnail","hentry"],"_links":{"self":[{"href":"https:\/\/rudolfkaspernaruski.com\/en\/wp-json\/wp\/v2\/pages\/17","targetHints":{"allow":["GET"]}}],"collection":[{"href":"https:\/\/rudolfkaspernaruski.com\/en\/wp-json\/wp\/v2\/pages"}],"about":[{"href":"https:\/\/rudolfkaspernaruski.com\/en\/wp-json\/wp\/v2\/types\/page"}],"author":[{"embeddable":true,"href":"https:\/\/rudolfkaspernaruski.com\/en\/wp-json\/wp\/v2\/users\/1"}],"replies":[{"embeddable":true,"href":"https:\/\/rudolfkaspernaruski.com\/en\/wp-json\/wp\/v2\/comments?post=17"}],"version-history":[{"count":5,"href":"https:\/\/rudolfkaspernaruski.com\/en\/wp-json\/wp\/v2\/pages\/17\/revisions"}],"predecessor-version":[{"id":744,"href":"https:\/\/rudolfkaspernaruski.com\/en\/wp-json\/wp\/v2\/pages\/17\/revisions\/744"}],"wp:featuredmedia":[{"embeddable":true,"href":"https:\/\/rudolfkaspernaruski.com\/en\/wp-json\/wp\/v2\/media\/240"}],"wp:attachment":[{"href":"https:\/\/rudolfkaspernaruski.com\/en\/wp-json\/wp\/v2\/media?parent=17"}],"curies":[{"name":"wp","href":"https:\/\/api.w.org\/{rel}","templated":true}]}}