{"id":3,"date":"2020-10-07T13:49:16","date_gmt":"2020-10-07T13:49:16","guid":{"rendered":"https:\/\/rudolfkaspernaruski.com\/?page_id=3"},"modified":"2021-01-08T16:12:53","modified_gmt":"2021-01-08T14:12:53","slug":"privacy-policy","status":"publish","type":"page","link":"https:\/\/rudolfkaspernaruski.com\/en\/privacy-policy\/","title":{"rendered":"Privacy policy"},"content":{"rendered":"<h1 class=\"wp-block-heading\"><strong>Privacy policy<\/strong><\/h1>\n\n\n\n<p>Who we are\n\nOur website address is: http:\/\/rudolfkaspernaruski.com<\/p>\n\n\n\n<p>Meie andmekaitsetingimused selgitavad, kuidas ja miks me isikuandmeid kogume ja t\u00f6\u00f6tleme.<\/p>\n\n\n\n<h2 class=\"wp-block-heading\"><strong>What personal data we collect and why we collect it?<\/strong><\/h2>\n\n\n\n<p>Teenuste osutamiseks kogume isikuandmeid j\u00e4rgmisel kahel viisil:<\/p>\n\n\n\n<h3 class=\"wp-block-heading\"><strong>Comments<\/strong><\/h3>\n\n\n\n<p>When visitors leave comments on the site we collect the data shown in the comments form, and also the visitor\u2019s IP address and browser user agent string to help spam detection.\nAn anonymized string created from your email address (also called a hash) may be provided to the Gravatar service to see if you are using it. The Gravatar service privacy policy is available here: https:\/\/automattic.com\/privacy\/. \n\nAfter approval of your comment, your profile picture is visible to the public in the context of your comment.<\/p>\n\n\n\n<h3 class=\"wp-block-heading\"><strong>Media<\/strong><\/h3>\n\n\n\n<p>If you upload images to the website, you should avoid uploading images with embedded location data (EXIF GPS) included. Visitors to the website can download and extract any location data from images on the website.<\/p>\n\n\n\n<h2 class=\"wp-block-heading\"><strong>Contact forms<\/strong><\/h2>\n\n\n\n<p>Meie teenuste osutamiseks on vajalik teie ettev\u00f5ttega seotud isikuandmete t\u00f6\u00f6tlemine. Isikuandmete t\u00f6\u00f6tlemiseta ei ole v\u00f5imalik teile soovitud teenust vahendada ning t\u00e4ita sellega seonduvaid kohustusi. Meie teenuste kasutamiseks on vajalik teie n\u00f5usolek isikuandmete t\u00f6\u00f6tlemiseks kirjeldatud eesm\u00e4rkidel. Kasutame k\u00f5ikidelt teenustelt kogutud andmeid teenuste pakkumiseks, haldamiseks, kaitsmiseks ja t\u00e4iustamiseks ning uute teenuste arendamiseks.<\/p>\n\n\n\n<p>Enne andmete kasutamist muudel kui meie andmekaitsetingimustes m\u00e4\u00e4ratud eesm\u00e4rkidel, k\u00fcsime teie selges\u00f5nalist n\u00f5usolekut.<\/p>\n\n\n\n<h2 class=\"wp-block-heading\"><strong>Cookies<\/strong><\/h2>\n\n\n\n<p>If you leave a comment on our site you may opt-in to saving your name, email address and website in cookies. These are for your convenience so that you do not have to fill in your details again when you leave another comment. These cookies will last for one year.<\/p>\n\n\n\n<p>Me ei jaga isikuandmeid ettev\u00f5tete, organisatsioonide ja isikutega meie ettev\u00f5ttest v\u00e4ljaspool, v.a j\u00e4rgmistel juhtudel:<\/p>\n\n\n\n<ul class=\"wp-block-list\"><li>If you visit our login page, we will set a temporary cookie to determine if your browser accepts cookies. This cookie contains no personal data and is discarded when you close your browser.<\/li><li>When you log in, we will also set up several cookies to save your login information and your screen display choices. Login cookies last for two days, and screen options cookies last for a year. If you select \"Remember Me\", your login will persist for two weeks. If you log out of your account, the login cookies will be removed.<\/li><li>If you edit or publish an article, an additional cookie will be saved in your browser. This cookie includes no personal data and simply indicates the post ID of the article you just edited. It expires after 1 day.<\/li><\/ul>\n\n\n\n<h2 class=\"wp-block-heading\"><strong>Embedded content from other websites<\/strong><\/h2>\n\n\n\n<p>Articles on this site may include embedded content (e.g. videos, images, articles, etc.). Embedded content from other websites behaves in the exact same way as if the visitor has visited the other website.<\/p>\n\n\n\n<p>These websites may collect data about you, use cookies, embed additional third-party tracking, and monitor your interaction with that embedded content, including tracking your interaction with the embedded content if you have an account and are logged in to that website.<\/p>\n\n\n\n<h2 class=\"wp-block-heading\"><strong>Analytics<\/strong><\/h2>\n\n\n\n<p>T\u00f6\u00f6tame selle nimel, et kaitsta teie andmeid volitamata juurdep\u00e4\u00e4su eest v\u00f5i selle volitamata muutmise, avalikustamise v\u00f5i rikkumise eest.<\/p>\n\n\n\n<h3 class=\"wp-block-heading\">Who we share your data with? How long we retain your data?<\/h3>\n\n\n\n<ol class=\"wp-block-list\" type=\"1\"><li>If you leave a comment, the comment and its metadata are retained indefinitely. This is so we can recognize and approve any follow-up comments automatically instead of holding them in a moderation queue.<\/li><li>For users that register on our website (if any), we also store the personal information they provide in their user profile. All users can see, edit, or delete their personal information at any time (except they cannot change their username). Website administrators can also see and edit that information.<\/li><li>We store personal data primarily in digital form and not on paper to ensure more secure access control.<\/li><li>The personal data repository is protected by the necessary IT technical and organizational protection measures.<\/li><\/ol>\n\n\n\n<p>Kuigi kasutame rangeid turvalisuse reegleid nende isikuandmete kohta, mis on meie keskkonda j\u00f5udnud, tuleb m\u00e4rkida, et internet ei ole kunagi t\u00e4iesti turvaline ja me ei saa garanteerida teie poolt saadetud andmete turvalist edastust meieni. Andmete saatmise turvalisus on alati teie enda risk.<\/p>\n\n\n\n<h2 class=\"wp-block-heading\"><strong>What rights you have over your data?<\/strong><\/h2>\n\n\n\n<p>If you have an account on this site, or have left comments, you can request to receive an exported file of the personal data we hold about you, including any data you have provided to us. You can also request that we erase any personal data we hold about you. This does not include any data we are obliged to keep for administrative, legal, or security purposes.<\/p>\n\n\n\n<h3 class=\"wp-block-heading\">In accordance with applicable data protection law, you have the right to:<\/h3>\n\n\n\n<ul class=\"wp-block-list\"><li>Request access to your personal information.<\/li><li>Request the correction of your personal data.<\/li><li>Request the deletion of your personal data.<\/li><li>Request a restriction on the processing of your personal data.<\/li><li>Request the transfer of your personal data.<\/li><li>Request the withdrawal of your consent to the processing of your personal data.<\/li><li>Oppose automated decision making (including profiling).<\/li><li>File a complaint with the data protection supervisory authority.<\/li><\/ul>\n\n\n\n<p>Palun arvestage, et saate n\u00f5uda oma isikuandmete kustutamist, t\u00f6\u00f6tlemisele piirangu seadmist vm ainult juhul, kui see on koosk\u00f5las seadusliku alusega ja andmekaitset k\u00e4sitlevate \u00f5igusaktidega.<\/p>\n\n\n\n<p>Juhul, kui taotlete isikuandmete t\u00f6\u00f6tlemise piirangut, peatamist v\u00f5i andmete kustutamist, v\u00f5ib see meie poolt teile osutatavad teenused kas osaliselt v\u00f5i t\u00e4ielikult peatada.<\/p>\n\n\n\n<p>Kaebuste korral on teil \u00f5igus esitada kaebus p\u00e4devale andmekaitseasutusele. Teeme koost\u00f6\u00f6d vastavate reguleerivate asutustega, sh kohalike andmekaitseasutustega, et lahendada isikuandmete edastusega seotud kaebusi.<\/p>\n\n\n\n<h2 class=\"wp-block-heading\"><strong>Where we send your data<\/strong><\/h2>\n\n\n\n<p>Visitor comments may be checked through an automated spam detection service.<\/p>\n\n\n\n<h2 class=\"wp-block-heading\"><strong>Andmekaitsetingimused ja muudatused<\/strong><\/h2>\n\n\n\n<p>Pacesetter O\u00dc teenuseid kasutades olete k\u00e4esolevate p\u00f5him\u00f5tete ja tingimustega tutvunud ning nendega n\u00f5ustunud.<\/p>\n\n\n\n<p>Meie andmekaitsetingimused v\u00f5ivad aeg-ajalt muutuda. Me ei v\u00e4henda teie andmekaitsetingimustest tulenevaid \u00f5igusi ilma teie selges\u00f5nalise n\u00f5usolekuta. Postitame teate andmekaitsetingimuste mis tahes muudatustest sellel lehel ja suuremate muudatuste korral edastame t\u00e4psema teate.<\/p>\n\n\n\n<h1 class=\"wp-block-heading\">Cookies in the RUDOLFKASPERNARUSKI.COM website<\/h1>\n\n\n\n<p>Like most websites, we use text files called \"cookies\" to help us improve our service.<\/p>\n\n\n\n<p>By continuing to use our website, you consent to the use of cookies as described here, unless you have set your browser not to accept cookies.<\/p>\n\n\n\n<h2 class=\"wp-block-heading\">Mis on k\u00fcpsised?<\/h2>\n\n\n\n<p>K\u00fcpsis on v\u00e4ike tekstifail, mida teie veebilehitseja salvestab teie arvutisse ja mis laseb veebilehel meeles pidada kasutaja eelistusi.<\/p>\n\n\n\n<h3 class=\"wp-block-heading\">The cookies we use<\/h3>\n\n\n\n<ul class=\"wp-block-list\"><li>The basic cookies are necessary for the operation of our website. These include, for example, cookies, which allow you to make a price request.<\/li><li>Analytics cookies allow us to recognize and count visitors and see how they navigate the site. This helps us improve the performance of our website, for example by helping users find what they're looking for easily.<\/li><li>Service cookies help us recognize you when you return to our website. They allow us to personalize our content and remember your preferences, such as your language or region.<\/li><\/ul>\n\n\n\n<p>Te saate k\u00fcpsiste kasutamise blokeerida, kui aktiveerite oma veebilehitseja seaded, mis v\u00f5imaldavad teil keelduda k\u00f5ikide v\u00f5i osa k\u00fcpsiste seadistamisest. Kui te aga blokeerite oma veebilehitseja seadete abil k\u00f5ik k\u00fcpsised, ei pruugi te meie veebisaidile v\u00f5i m\u00f5nele selle osale juurde p\u00e4\u00e4seda.<\/p>\n\n\n\n<h1 class=\"wp-block-heading\"><strong>CONTACT ME<\/strong><\/h1>\n\n\n\n<p>If you have any concerns or questions regarding our privacy policies, please contact us at:<\/p>\n\n\n\n<p>Pacesetter O\u00dc, Kuusemetsa 5a, Saue, Estonia 76506<\/p>\n\n\n\n<p>Rudolfkaspernaruski@gmail.com<\/p>\n\n\n\n<p>Most recent update:  08 January 2021<\/p>","protected":false},"excerpt":{"rendered":"<p>ANDMEKAITSETINGIMUSED Meie teenuseid kasutades usaldate meile oma isikuandmed. Suhtume andmete privaatsusesse t\u00f5siselt ja kogume neid \u00fcksnes selleks, et vahendada asjakohast ettev\u00f5tlust edendavat informatsiooni ettev\u00f5ttele, keda esindate ja ainult selles ulatuses, mis on vajalikud meie teenuste kasutamiseks. Me t\u00f6\u00f6tleme isikuandmeid vastavuses EU Isikuandmete kaitse \u00fcldm\u00e4\u00e4rusega (GDPR, EU 2016\/679) ja Eesti Vabariigi seadustega. Pacesetter O\u00dc ei t\u00f6\u00f6tle [&hellip;]<\/p>\n","protected":false},"author":1,"featured_media":0,"parent":0,"menu_order":0,"comment_status":"closed","ping_status":"open","template":"","meta":{"_monsterinsights_skip_tracking":false,"_monsterinsights_sitenote_active":false,"_monsterinsights_sitenote_note":"","_monsterinsights_sitenote_category":0,"footnotes":""},"class_list":["post-3","page","type-page","status-publish","hentry"],"_links":{"self":[{"href":"https:\/\/rudolfkaspernaruski.com\/en\/wp-json\/wp\/v2\/pages\/3","targetHints":{"allow":["GET"]}}],"collection":[{"href":"https:\/\/rudolfkaspernaruski.com\/en\/wp-json\/wp\/v2\/pages"}],"about":[{"href":"https:\/\/rudolfkaspernaruski.com\/en\/wp-json\/wp\/v2\/types\/page"}],"author":[{"embeddable":true,"href":"https:\/\/rudolfkaspernaruski.com\/en\/wp-json\/wp\/v2\/users\/1"}],"replies":[{"embeddable":true,"href":"https:\/\/rudolfkaspernaruski.com\/en\/wp-json\/wp\/v2\/comments?post=3"}],"version-history":[{"count":2,"href":"https:\/\/rudolfkaspernaruski.com\/en\/wp-json\/wp\/v2\/pages\/3\/revisions"}],"predecessor-version":[{"id":357,"href":"https:\/\/rudolfkaspernaruski.com\/en\/wp-json\/wp\/v2\/pages\/3\/revisions\/357"}],"wp:attachment":[{"href":"https:\/\/rudolfkaspernaruski.com\/en\/wp-json\/wp\/v2\/media?parent=3"}],"curies":[{"name":"wp","href":"https:\/\/api.w.org\/{rel}","templated":true}]}}